{"id":25,"date":"2018-01-12T08:49:36","date_gmt":"2018-01-12T08:49:36","guid":{"rendered":"https:\/\/wirkaufendeineimmo.at\/?page_id=25"},"modified":"2023-01-19T09:55:58","modified_gmt":"2023-01-19T09:55:58","slug":"datenschutzhinweise","status":"publish","type":"page","link":"https:\/\/wirkaufendeineimmo.at\/?page_id=25","title":{"rendered":"Datenschutzhinweise"},"content":{"rendered":"<p>Allgemeine Datenschutzhinweise f\u00fcr die Nutzung der Webseite <a href=\"https:\/\/wirkaufendeineimmo.at\">wirkaufendeineimmo.at<\/a> \u2013 Stand 01.01.2020<\/p>\n<p>Wirkaufendeineimmo.at ist als Betreiber der Webseite und verantwortliche Stelle im Sinne der Datenschutzgesetze f\u00fcr den Schutz der personenbezogenen Daten der User bei dem Besuch der Webseite wirkaufendeineimmo.at verantwortlich.<\/p>\n<p>Die Erhebung, Verarbeitung (Speicherung, Ver\u00e4nderung, \u00dcbermittlung, Sperrung und L\u00f6schung) und Nutzung von personenbezogenen Daten durch wirkaufendeineimmo.at erfolgt ausschlie\u00dflich unter Beachtung der geltenden datenschutzrechtlichen Vorschriften. Personenbezogene Daten sind dabei Einzelangaben \u00fcber pers\u00f6nliche oder sachliche Verh\u00e4ltnisse einer bestimmten oder bestimmbaren nat\u00fcrlichen Person.<\/p>\n<p>Alle Daten, die der User an wirkaufendeineimmo.at \u00fcbermittelt, werden selbstverst\u00e4ndlich vertraulich behandelt. Die Daten werden grunds\u00e4tzlich nicht anderen zur Nutzung zur Verf\u00fcgung gestellt, es sei denn, der User hat hierzu sein Einverst\u00e4ndnis gegeben oder wirkaufendeineimmo.at ist zur Preisgabe dieser Daten verpflichtet, beispielsweise aufgrund gerichtlicher Verf\u00fcgung.<\/p>\n<p><b>Welche Daten erhebt wirkaufendeineimmo.at im Rahmen von elektronischen Immobilienbewertungen?<\/b><\/p>\n<p>Im Rahmen von Anfragen f\u00fcr Immobilienbewertungen werden von wirkaufendeineimmo.at E-Mail-Adresse, Vorname und Nachname, Adresse, Stadt\/Ort, Telefonnummer des Users gespeichert. Optional kann der User noch die Anrede, Bilderuploads angeben sowie im Rahmen von Freitexten Nachrichten an wirkaufendeineimmo.at senden.<\/p>\n<p>Die im Rahmen der Registrierung von Usern eingegebenen Daten werden verarbeitet, um die Dienste von wirkaufendeineimmo.at nutzen zu k\u00f6nnen, insbesondere die Kontaktfunktion.<\/p>\n<p>Der Verwendung der personenbezogenen Daten kann jederzeit mit Wirkung f\u00fcr die Zukunft widerrufen werden (siehe hierzu am Ende dieser Datenschutzerkl\u00e4rung).<\/p>\n<p><b>Welche Daten erhebt wirkaufendeineimmo.at bei Nutzung der Webseite?<\/b><\/p>\n<p>Bei jedem Zugriff auf die Webseite wirkaufendeineimmo.at werden Nutzungsdaten durch den jeweiligen Internet-Browser \u00fcbermittelt und in Protokolldateien, sogenannten Server-Logfiles, gespeichert. Diese Daten sind:<\/p>\n<ul>\n<li>IP-Adresse (Internet-Protokoll-Adresse) des zugreifenden Rechners<\/li>\n<li>Name der abgerufenen Seite<\/li>\n<li>Datum und Uhrzeit des Abrufs<\/li>\n<li>die Referrer-URL (Herkunfts-URL), von der der Nutzer auf die abgerufene Seite gekommen ist<\/li>\n<li>\u00dcbertragene Datenmenge<\/li>\n<li>Statusmeldung dar\u00fcber, ob der Abruf erfolgreich war<\/li>\n<li>Sitzungs-Identifikationsnummer<\/li>\n<li>Hauptzweck beim Erheben dieser personenbezogenen Daten auf der Webseite ist, dem User eine sichere, reibungslose und effiziente Nutzung der Webseite zu erm\u00f6glichen.<\/li>\n<\/ul>\n<p><b>Einsatz von Cookies<\/b><\/p>\n<p>wirkaufendeineimmo.at verwendet sog. Cookies, um eine sp\u00e4tere Identifizierung des Users im Rahmen der nachfolgenden Ausf\u00fchrungen zu erm\u00f6glichen. Cookies sind kleine Textdateien, die durch den Webbrowser des Users auf seinem PC gespeichert werden und pseudonymisierte Daten enthalten.<\/p>\n<p>Cookies werden auf den Webseiten von wirkaufendeineimmo.at verwendet, um die Nutzerfreundlichkeit der Webseiten von wirkaufendeineimmo.at zu steigern und diese bei jedem Aufruf m\u00f6glichst individuell und bedarfsgerecht zu gestalten. Derartige Cookies werden nicht nur von wirkaufendeineimmo.at selbst gesetzt, sondern in dessen Auftrag auch von Drittanbietern, wie beispielsweise Google (siehe dazu auch die Ausf\u00fchrungen unter Verwendung von Analyseprogrammen und Webtracking), Adroll (<a href=\"https:\/\/www.adroll.com\/de-DE\/about\/privacy\">https:\/\/www.adroll.com\/de-DE\/about\/privacy<\/a>), Rocketfuel (<a href=\"http:\/\/www.rocketfuel.com\/privacy\">www.rocketfuel.com\/privacy<\/a>), Bing (privacy.microsoft.com\/de-de\/privacystatement), Adform (site.adform.com\/privacy-policy\/de\/) und M,P,Newmedia,(https:\/\/www.mp-newmedia.com\/datenschutz). Beim Aufruf der Webseiten von wirkaufendeineimmo.at werden auch Cookies gesetzt, die \u00fcber Ihren aktuellen Besuch auf den Webseiten (sog. Session) hinaus gespeichert bleiben.<\/p>\n<p><b>Widerspruchsm\u00f6glichkeit: <\/b>Sollte der User den Einsatz von Cookies nicht w\u00fcnschen oder bestehende Cookies l\u00f6schen wollen, kann er diese \u00fcber seinen Internetbrowser abschalten und entfernen. N\u00e4here Informationen zum L\u00f6schen oder Unterbinden von Cookies ergeben sich in den Hilfetexten der jeweils verwendeten Browser oder im Internet etwa unter den Suchworten \u201cCookies deaktivieren\u201d oder \u201cCookies l\u00f6schen\u201d (Anleitung zum L\u00f6schen im <a href=\"http:\/\/support.microsoft.com\/kb\/278835\/de\" target=\"_blank\" rel=\"noopener\">Microsoft Internet Explorer<\/a> (<a href=\"http:\/\/windows.microsoft.com\/de-de\/internet-explorer\/delete-manage-cookies\" target=\"_blank\" rel=\"noopener\">Anleitung<\/a>). Anleitung zum L\u00f6schen in <a href=\"http:\/\/support.mozilla.com\/de\/kb\/Cookies+l\u00f6schen\" target=\"_blank\" rel=\"noopener\">Mozilla Firefox<\/a> (<a href=\"https:\/\/support.mozilla.org\/de\/kb\/cookies-loeschen-daten-von-websites-entfernen\" target=\"_blank\" rel=\"noopener\">Anleitung<\/a>). Anleitung zum L\u00f6schen in <a href=\"http:\/\/docs.info.apple.com\/article.html?path=Safari\/3.0\/de\/11471.html\" target=\"_blank\" rel=\"noopener\">Safari<\/a> (<a href=\"https:\/\/support.apple.com\/kb\/PH19214?locale=de_DE&amp;viewlocale=de_DE)\">Anleitung<\/a>).<\/p>\n<p><u>Verwendung von Analyseprogrammen und Trackingtools<\/u><\/p>\n<p>Um die Leistungen von wirkaufendeineimmo.at bestm\u00f6glich anbieten zu k\u00f6nnen, ist eine Analyse des Besucherverhaltens erforderlich. Hierf\u00fcr setzt wirkaufendeineimmo.at Webanalyse-Verfahren ein, mit denen Besuche auf der wirkaufendeineimmo.at analysiert werden k\u00f6nnen.<\/p>\n<p>Zweck der Datenverarbeitung ist neben der Fehlerbehebung vor allem die Optimierung von wirkaufendeineimmo.at im Hinblick auf die Bed\u00fcrfnisse der User. Auch erh\u00e4lt wirkaufendeineimmo.at \u00fcber das Webanalyse-Verfahren Kennzahlen \u00fcber das Besucheraufkommen und deren zeitliche Verteilung, \u00fcber beliebte Inhalte sowie die Verweildauer von Usern.<\/p>\n<p><b>Google Analytics<\/b><\/p>\n<p>wirkaufendeineimmo.at setzt zur Analyse der Benutzung der Webseiten von wirkaufendeineimmo.at durch den User den Webanalysedienst Google Analytics ein, einen Webanalysedienst der Google Inc. (\u201eGoogle\u201c). Hierzu werden Cookies verwendet. Die durch die Cookies erzeugten Informationen \u00fcber die Nutzung der Webseiten von wirkaufendeineimmo.at durch die User werden in der Regel an einen Server von Google in den USA \u00fcbertragen und dort gespeichert. Wirkaufendeineimmo.at setzt Google-Analytics ausschlie\u00dflich mit der Erweiterung \u201ega(\u2018set\u2019, \u2018anonymizeIp\u2019, true)\u201c ein, so dass IP-Adressen nur verk\u00fcrzt weiterverarbeitet werden, um einen direkten Personenbezug auszuschlie\u00dfen. Durch die IP Anonymisierung auf wirkaufendeineimmo.at wird die IP-Adresse von Google innerhalb von Mitgliedsstaaten der EU oder in anderen Vertragsstaaten des Abkommens \u00fcber den europ\u00e4ischen Wirtschaftsraum zuvor gek\u00fcrzt. Nur in Ausnahmef\u00e4llen wird die volle IP-Adresse an einen Server von Google in den USA \u00fcbertragen und dort gek\u00fcrzt. Google wird die im Auftrag von wirkaufendeineimmo.at erzeugten Informationen verwenden, um die Nutzung der Webseiten von wirkaufendeineimmo.at auszuwerten, um Reports \u00fcber die Aktivit\u00e4ten der User auf den Webseiten von wirkaufendeineimmo.at zur Verf\u00fcgung zu stellen und um weitere mit der Webseitennutzung und der Internetnutzung verbundene Dienstleistungen zu erbringen. Auch wird Google diese Informationen gegebenenfalls an Dritte \u00fcbertragen, sofern dies gesetzlich vorgeschrieben ist oder soweit Dritte diese Daten im Auftrag von Google verarbeiten. Google wird die IP-Adresse des Users mit anderen Daten von Google nicht in Verbindung bringen.<\/p>\n<p><b>Widerspruchsm\u00f6glichkeit: <\/b>Der Datenerhebung und -speicherung durch Google Analytics kann jederzeit mit Wirkung f\u00fcr die Zukunft widersprochen werden. Der User hat dazu die M\u00f6glichkeit, ein von Google herausgegebenes Browser-Plugin zu installieren. Dieses steht f\u00fcr verschiedene Browser-Versionen zur Verf\u00fcgung und kann unter <a href=\"http:\/\/tools.google.com\/dlpage\/gaoptout?hl=de\" target=\"_blank\" rel=\"noopener\">Plugin<\/a> heruntergeladen werden.<\/p>\n<p><b>Universal Analytics<\/b><\/p>\n<p>Wirkaufendeineimmo.at setzt ferner die Universal-Analytics-Funktionen von Google ein. Hier\u00fcber hat wirkaufendeineimmo.at die M\u00f6glichkeit, mittels einer Google-ID (sofern vorhanden) und aus Cookies, die bei Werbeausspielungen von Google generiert werden (Doubleclick), sozio-demografische Daten von Usern zu erfassen und zu analysieren. Sofern eine Google-ID vorhanden ist, l\u00e4sst wirkaufendeineimmo.at diese Daten auch ger\u00e4te\u00fcbergreifend (z.B. wenn Nutzer ein Smartphone und einen PC verwendet) erfassen, um ger\u00e4te\u00fcbergreifende Besucherstr\u00f6me zu analysieren.<\/p>\n<p><b>Widerspruchsm\u00f6glichkeit: <\/b>Der Datenerhebung und -speicherung durch Google Analytics kann jederzeit mit Wirkung f\u00fcr die Zukunft widersprochen werden. Der User hat dazu die M\u00f6glichkeit, ein von Google herausgegebenes Browser-Plugin zu installieren. Dieses steht f\u00fcr verschiedene Browser-Versionen zur Verf\u00fcgung und kann unter <a href=\"http:\/\/tools.google.com\/dlpage\/gaoptout?hl=de\" target=\"_blank\" rel=\"noopener\">Plugin<\/a> heruntergeladen werden.<\/p>\n<p><b>Google Analytics-Werbefunktionen (Remarketing und Retargeting)<\/b><\/p>\n<p>Wirkaufendeineimmo.at verwendet im Rahmen von Google Analytics bzw. Google Universal Analytics auch die Google Analytics-Werbefunktionen. Durch diese Technologie werden User, die wirkaufendeineimmo.at bereits besucht und sich f\u00fcr bestimmte Angebote interessiert haben, durch zielgerichtete Werbung auf den Seiten des Google Partner Netzwerks erneut angesprochen. Die Einblendung der Werbung erfolgt durch den Einsatz von Cookies, mit deren Hilfe das Nutzerverhalten beim Besuch der Webseite analysiert und anschlie\u00dfend f\u00fcr gezielte Produktempfehlungen und interessenbasierte Werbung genutzt werden kann.<\/p>\n<p><b>Widerrufsm\u00f6glichkeit: <\/b>Wenn der User keine interessenbasierte Werbung \u00fcber die Google Remarketing Technologie erhalten m\u00f6chte, kann er die Verwendung von Cookies durch Google f\u00fcr diese Zwecke deaktivieren, indem er die Deaktivierungsseite f\u00fcr DoubleClick aufruft. Alternativ k\u00f6nnen User die Verwendung von Cookies von Drittanbietern deaktivieren, indem sie die Deaktivierungsseite der Netzwerkwerbeinitiative aufrufen.<\/p>\n<p>Google bietet zudem die M\u00f6glichkeit, Cookies f\u00fcr Anzeigenvorgaben selbst zu steuern: <a href=\"http:\/\/www.google.de\/intl\/de\/policies\/technologies\/ads\/\" target=\"_blank\" rel=\"noopener\">Anleitung<\/a><\/p>\n<p><b>Auskunft \u00fcber gespeicherte Daten<\/b><\/p>\n<p>Der User hat das Recht, jederzeit Auskunft \u00fcber die zu seiner Person bei wirkaufendeineimmo.at gespeicherten Daten, deren Herkunft, den Zweck der Speicherung und den Empf\u00e4nger, an den die Daten weitergegeben werden, zu verlangen. Diese Auskunft ist unentgeltlich und wird in Textform erteilt.<\/p>\n<p>F\u00fcr das Auskunftsverlangen gen\u00fcgt eine <a href=\"https:\/\/wirkaufendeineimmo.at\/?page_id=1865\">E-Mail<\/a>.<br \/>\nDer User kann sein Auskunftsverlangen auch schriftlich senden an Wirkaufendeineimmo, Florianigasse 68\/3, 1080 Wien, \u00d6sterreich.<\/p>\n<p><b>Widerruf von Einwilligungen, L\u00f6schung und Berichtigung von Daten<\/b><\/p>\n<p>Personenbezogene Daten erhebt, verarbeitet und nutzt wirkaufendeineimmo.at grunds\u00e4tzlich nur, wenn und soweit dies im Rahmen einer gesetzliche Bestimmung erlaubt ist oder der User die Einwilligung zur Nutzung der Daten erteilt hat. Einwilligungen werden von wirkaufendeineimmo.at protokolliert. Die Erteilung entsprechender Einwilligungen ist stets freiwillig.<\/p>\n<p>Von den Usern erteilte Einwilligungen k\u00f6nnen jederzeit mit Wirkung f\u00fcr die Zukunft widerrufen werden. Der Widerruf ist durch eine entsprechende Mitteilung per <a href=\"https:\/\/wirkaufendeineimmo.at\/?page_id=1865\">E-Mail<\/a> an uns zu richten. Der User kann seinen Widerruf auch schriftlich senden an wirkaufendeineimmo, Florianigasse 68\/3, 1080 Wien, \u00d6sterreich.<\/p>\n<p>Der User hat im Rahmen der gesetzlichen Vorgaben das Recht, jederzeit die Berichtigung bzw. die L\u00f6schung der \u00fcber ihn bei wirkaufendeineimmo.at gespeicherten Daten zu verlangen.<\/p>\n<p>Hierzu gen\u00fcgt eine <a href=\"https:\/\/wirkaufendeineimmo.at\/?page_id=1865\">E-Mail<\/a>.<br \/>\nDer User kann sein Verlangen auch schriftlich senden anwirkaufendeineimmo, Florianigasse 68\/3, 1080 Wien, \u00d6sterreich.<\/p>\n","protected":false},"excerpt":{"rendered":"<p>Allgemeine Datenschutzhinweise f\u00fcr die Nutzung der Webseite wirkaufendeineimmo.at \u2013 Stand 01.01.2020 Wirkaufendeineimmo.at ist als Betreiber der Webseite und verantwortliche Stelle im Sinne der Datenschutzgesetze f\u00fcr den Schutz der personenbezogenen Daten der User bei dem Besuch der Webseite wirkaufendeineimmo.at verantwortlich. Die Erhebung, Verarbeitung (Speicherung, Ver\u00e4nderung, \u00dcbermittlung, Sperrung und L\u00f6schung) und Nutzung von personenbezogenen Daten durch wirkaufendeineimmo.at<a href=\"https:\/\/wirkaufendeineimmo.at\/?page_id=25\" class=\"read-more\">&nbsp; Continue Reading &raquo;<\/a><\/p>\n","protected":false},"author":1,"featured_media":0,"parent":0,"menu_order":100,"comment_status":"closed","ping_status":"closed","template":"","meta":{"_acf_changed":false,"footnotes":""},"class_list":["post-25","page","type-page","status-publish","hentry"],"acf":[],"yoast_head":"<!-- This site is optimized with the Yoast SEO plugin v26.7 - https:\/\/yoast.com\/wordpress\/plugins\/seo\/ -->\n<title>Datenschutzhinweise - Wir kaufen deine Immo - Datenschutzhinweise<\/title>\n<meta name=\"description\" content=\"Datenschutzhinweise - Der Schutz Ihrer pers\u00f6nlichen Daten ist uns ein Anliegen. Sie haben im Rahmen der gesetzlichen Vorgaben das Recht die L\u00f6schung...\" \/>\n<meta name=\"robots\" content=\"index, follow, max-snippet:-1, max-image-preview:large, max-video-preview:-1\" \/>\n<link rel=\"canonical\" href=\"https:\/\/wirkaufendeineimmo.at\/?page_id=25\" \/>\n<meta property=\"og:locale\" content=\"de_DE\" \/>\n<meta property=\"og:type\" content=\"article\" \/>\n<meta property=\"og:title\" content=\"Datenschutzhinweise - Wir kaufen deine Immo - Datenschutzhinweise\" \/>\n<meta property=\"og:description\" content=\"Datenschutzhinweise - Der Schutz Ihrer pers\u00f6nlichen Daten ist uns ein Anliegen. Sie haben im Rahmen der gesetzlichen Vorgaben das Recht die L\u00f6schung...\" \/>\n<meta property=\"og:url\" content=\"https:\/\/wirkaufendeineimmo.at\/?page_id=25\" \/>\n<meta property=\"og:site_name\" content=\"Wir kaufen deine Immo\" \/>\n<meta property=\"article:modified_time\" content=\"2023-01-19T09:55:58+00:00\" \/>\n<meta name=\"twitter:card\" content=\"summary_large_image\" \/>\n<meta name=\"twitter:label1\" content=\"Gesch\u00e4tzte Lesezeit\" \/>\n\t<meta name=\"twitter:data1\" content=\"8\u00a0Minuten\" \/>\n<script type=\"application\/ld+json\" class=\"yoast-schema-graph\">{\"@context\":\"https:\/\/schema.org\",\"@graph\":[{\"@type\":\"WebPage\",\"@id\":\"https:\/\/wirkaufendeineimmo.at\/?page_id=25\",\"url\":\"https:\/\/wirkaufendeineimmo.at\/?page_id=25\",\"name\":\"Datenschutzhinweise - Wir kaufen deine Immo - Datenschutzhinweise\",\"isPartOf\":{\"@id\":\"https:\/\/wirkaufendeineimmo.at\/#website\"},\"datePublished\":\"2018-01-12T08:49:36+00:00\",\"dateModified\":\"2023-01-19T09:55:58+00:00\",\"description\":\"Datenschutzhinweise - Der Schutz Ihrer pers\u00f6nlichen Daten ist uns ein Anliegen. Sie haben im Rahmen der gesetzlichen Vorgaben das Recht die L\u00f6schung...\",\"breadcrumb\":{\"@id\":\"https:\/\/wirkaufendeineimmo.at\/?page_id=25#breadcrumb\"},\"inLanguage\":\"de\",\"potentialAction\":[{\"@type\":\"ReadAction\",\"target\":[\"https:\/\/wirkaufendeineimmo.at\/?page_id=25\"]}]},{\"@type\":\"BreadcrumbList\",\"@id\":\"https:\/\/wirkaufendeineimmo.at\/?page_id=25#breadcrumb\",\"itemListElement\":[{\"@type\":\"ListItem\",\"position\":1,\"name\":\"Startseite\",\"item\":\"https:\/\/wirkaufendeineimmo.at\/\"},{\"@type\":\"ListItem\",\"position\":2,\"name\":\"Datenschutzhinweise\"}]},{\"@type\":\"WebSite\",\"@id\":\"https:\/\/wirkaufendeineimmo.at\/#website\",\"url\":\"https:\/\/wirkaufendeineimmo.at\/\",\"name\":\"Wir kaufen deine Immo\",\"description\":\"Haus zu verkaufen, Wohnung verkaufen\",\"potentialAction\":[{\"@type\":\"SearchAction\",\"target\":{\"@type\":\"EntryPoint\",\"urlTemplate\":\"https:\/\/wirkaufendeineimmo.at\/?s={search_term_string}\"},\"query-input\":{\"@type\":\"PropertyValueSpecification\",\"valueRequired\":true,\"valueName\":\"search_term_string\"}}],\"inLanguage\":\"de\"}]}<\/script>\n<!-- \/ Yoast SEO plugin. -->","yoast_head_json":{"title":"Datenschutzhinweise - Wir kaufen deine Immo - Datenschutzhinweise","description":"Datenschutzhinweise - Der Schutz Ihrer pers\u00f6nlichen Daten ist uns ein Anliegen. Sie haben im Rahmen der gesetzlichen Vorgaben das Recht die L\u00f6schung...","robots":{"index":"index","follow":"follow","max-snippet":"max-snippet:-1","max-image-preview":"max-image-preview:large","max-video-preview":"max-video-preview:-1"},"canonical":"https:\/\/wirkaufendeineimmo.at\/?page_id=25","og_locale":"de_DE","og_type":"article","og_title":"Datenschutzhinweise - Wir kaufen deine Immo - Datenschutzhinweise","og_description":"Datenschutzhinweise - Der Schutz Ihrer pers\u00f6nlichen Daten ist uns ein Anliegen. Sie haben im Rahmen der gesetzlichen Vorgaben das Recht die L\u00f6schung...","og_url":"https:\/\/wirkaufendeineimmo.at\/?page_id=25","og_site_name":"Wir kaufen deine Immo","article_modified_time":"2023-01-19T09:55:58+00:00","twitter_card":"summary_large_image","twitter_misc":{"Gesch\u00e4tzte Lesezeit":"8\u00a0Minuten"},"schema":{"@context":"https:\/\/schema.org","@graph":[{"@type":"WebPage","@id":"https:\/\/wirkaufendeineimmo.at\/?page_id=25","url":"https:\/\/wirkaufendeineimmo.at\/?page_id=25","name":"Datenschutzhinweise - Wir kaufen deine Immo - Datenschutzhinweise","isPartOf":{"@id":"https:\/\/wirkaufendeineimmo.at\/#website"},"datePublished":"2018-01-12T08:49:36+00:00","dateModified":"2023-01-19T09:55:58+00:00","description":"Datenschutzhinweise - Der Schutz Ihrer pers\u00f6nlichen Daten ist uns ein Anliegen. Sie haben im Rahmen der gesetzlichen Vorgaben das Recht die L\u00f6schung...","breadcrumb":{"@id":"https:\/\/wirkaufendeineimmo.at\/?page_id=25#breadcrumb"},"inLanguage":"de","potentialAction":[{"@type":"ReadAction","target":["https:\/\/wirkaufendeineimmo.at\/?page_id=25"]}]},{"@type":"BreadcrumbList","@id":"https:\/\/wirkaufendeineimmo.at\/?page_id=25#breadcrumb","itemListElement":[{"@type":"ListItem","position":1,"name":"Startseite","item":"https:\/\/wirkaufendeineimmo.at\/"},{"@type":"ListItem","position":2,"name":"Datenschutzhinweise"}]},{"@type":"WebSite","@id":"https:\/\/wirkaufendeineimmo.at\/#website","url":"https:\/\/wirkaufendeineimmo.at\/","name":"Wir kaufen deine Immo","description":"Haus zu verkaufen, Wohnung verkaufen","potentialAction":[{"@type":"SearchAction","target":{"@type":"EntryPoint","urlTemplate":"https:\/\/wirkaufendeineimmo.at\/?s={search_term_string}"},"query-input":{"@type":"PropertyValueSpecification","valueRequired":true,"valueName":"search_term_string"}}],"inLanguage":"de"}]}},"_links":{"self":[{"href":"https:\/\/wirkaufendeineimmo.at\/index.php?rest_route=\/wp\/v2\/pages\/25","targetHints":{"allow":["GET"]}}],"collection":[{"href":"https:\/\/wirkaufendeineimmo.at\/index.php?rest_route=\/wp\/v2\/pages"}],"about":[{"href":"https:\/\/wirkaufendeineimmo.at\/index.php?rest_route=\/wp\/v2\/types\/page"}],"author":[{"embeddable":true,"href":"https:\/\/wirkaufendeineimmo.at\/index.php?rest_route=\/wp\/v2\/users\/1"}],"replies":[{"embeddable":true,"href":"https:\/\/wirkaufendeineimmo.at\/index.php?rest_route=%2Fwp%2Fv2%2Fcomments&post=25"}],"version-history":[{"count":4,"href":"https:\/\/wirkaufendeineimmo.at\/index.php?rest_route=\/wp\/v2\/pages\/25\/revisions"}],"predecessor-version":[{"id":2124,"href":"https:\/\/wirkaufendeineimmo.at\/index.php?rest_route=\/wp\/v2\/pages\/25\/revisions\/2124"}],"wp:attachment":[{"href":"https:\/\/wirkaufendeineimmo.at\/index.php?rest_route=%2Fwp%2Fv2%2Fmedia&parent=25"}],"curies":[{"name":"wp","href":"https:\/\/api.w.org\/{rel}","templated":true}]}}