{"id":27,"date":"2018-01-12T08:49:59","date_gmt":"2018-01-12T08:49:59","guid":{"rendered":"https:\/\/wirkaufendeineimmo.at\/?page_id=27"},"modified":"2023-01-18T09:57:33","modified_gmt":"2023-01-18T09:57:33","slug":"impressum","status":"publish","type":"page","link":"https:\/\/wirkaufendeineimmo.at\/?page_id=27","title":{"rendered":"Impressum"},"content":{"rendered":"<h2>Inhaber<\/h2>\n<p><strong>DI Andreas Jonas<\/strong><br \/>\nFlorianigasse 68\/3<br \/>\nA-1080 Wien<\/p>\n<p>E-Mail: bitte nutzen Sie unser <a href=\"https:\/\/wirkaufendeineimmo.at\/?page_id=1865\" target=\"_blank\" rel=\"noopener noreferrer\">Kontaktformular<\/a><\/p>\n<p>Gerichtsstand Wien<\/p>\n<p>UID Nummer: ATU52337804<\/p>\n<p><strong>Kammer:<\/strong> <a href=\"https:\/\/firmen.wko.at\/Web\/DetailsKontakt.aspx?FirmaID=94e6964b-442d-4ef7-99c8-3fb9b8044b19\">Wirtschaftskammer \u00d6sterreich<\/a><\/p>\n<p>&nbsp;<\/p>\n<p>Bildernachweis:<br \/>\npixabay.com; pexels.com; unsplash.com; freepik.com<\/p>\n<hr \/>\n<p><strong>Haftung f\u00fcr Links<\/strong>\u00a0Trotz sorgf\u00e4ltiger inhaltlicher Kontrolle \u00fcbernehmen wir keine Haftung f\u00fcr die Inhalte externer Links. F\u00fcr den Inhalt der verlinkten Seiten sind ausschlie\u00dflich deren Betreiber verantwortlich. Eintragungen S\u00e4mtliche dargestellten Informationen verstehen sich vorbehaltlich m\u00f6glicher \u00c4nderungen. Der Inhalt dieser Website ist urheberrechtlich gesch\u00fctzt. Die Bereitstellung von Inhalten und Bildmaterial dieser Website auf anderen Websites ist nur mit ausdr\u00fccklicher Genehmigung der Redaktion gestattet. Die auf dieser Website enthaltenen Angaben werden nach bestem Wissen erstellt und mit gro\u00dfer Sorgfalt auf ihre Richtigkeit \u00fcberpr\u00fcft. Trotzdem sind inhaltliche und sachliche Fehler nicht vollst\u00e4ndig auszuschlie\u00dfen. Der Websitebetreiber \u00fcbernimmt keinerlei Garantie und Haftung f\u00fcr die Richtigkeit, Aktualit\u00e4t und Vollst\u00e4ndigkeit der bereitgestellten Informationen. Alle Angaben sind ohne Gew\u00e4hr.<\/p>\n<p><strong>Datenschutz<\/strong>\u00a0Ihre pers\u00f6nlichen Daten werden entsprechend den deutschen Datenschutzbestimmungen gespeichert und verarbeitet. Soweit Sie bei der Nutzung unserer Dienstleistung um die Angabe pers\u00f6nlicher Informationen gebeten werden, ist die Beantwortung dieser Fragen freiwillig. Eine Weitergabe an Dritte findet nicht statt, au\u00dfer im notwendigen Rahmen der Auftragsbearbeitung.<br \/>\nEs kann von Top Ranking nicht garantiert werden, dass bei der \u00dcbermittlung, Daten oder pers\u00f6nliche Informationen, unrechtm\u00e4\u00dfig von Dritten gelesen oder abgeh\u00f6rt werden.<\/p>\n<p>Unsere Homepage benutzt Google Analytics, einen Webanalysedienst von Google. Google Analytics verwendet so genannte Cookies (kleine Textdateien), die auf Ihrem Computer gespeichert werden und die eine Analyse der Benutzung der Website durch Sie erm\u00f6glichen. Die durch die Cookie erzeugten Informationen \u00fcber Ihre Benutzung dieser Homepage (einschlie\u00dflich Ihrer IP-Adresse) werden an einen Server von Google in den USA \u00fcbertragen und dort gespeichert. Google wird diese Informationen benutzen, um Ihre Nutzung der Website auszuwerten, um Reports \u00fcber die Websiteaktivit\u00e4ten f\u00fcr die Homepage-Betreiber zusammenzustellen und um weitere mit der Websitenutzung und der Internetnutzung verbundene Dienstleistungen zu erbringen. Auch wird Google diese Informationen gegebenenfalls an Dritte \u00fcbertragen, sofern dieses gesetzlich vorgeschrieben ist oder soweit Dritte diese Daten im Auftrag von Google verarbeiten. Google wird in keinem Fall Ihre IP-Adresse mit anderen Daten von Google in Verbindung bringen. Sie k\u00f6nnen die Installation der Cookies durch eine entsprechende Einstellung in Ihrer Browser-Software verhindern, wir weisen Sie jedoch darauf hin, dass Sie in diesem Fall gegebenenfalls nicht s\u00e4mtliche Funktionen dieser Website in vollem Umfang nutzen k\u00f6nnen. Durch die Nutzung unserer Homepage erkl\u00e4ren Sie sich mit der Bearbeitung, der \u00fcber Sie erhobenen Daten durch Google, in der zuvor beschriebenen Art und Weise und zu dem zuvor benannten Zweck einverstanden.<\/p>\n<p><strong>Urheberrechte<\/strong>\u00a0Der gesamte Inhalt dieser Webseite ist urheberrechtlich gesch\u00fctzt. Texte, Bilder und Logo d\u00fcrfen nur nach schriftlicher Genehmigung durch Top Ranking genutzt werden. Die unberechtigte Verwendung kann zu Unterlassungsanspr\u00fcchen und Schadenersatzanspr\u00fcchen f\u00fchren.<\/p>\n<p><strong>Verbraucherinformationen<\/strong><br \/>\nOnline-Streitbeilegung gem\u00e4\u00df Art. 14 Abs. 1 ODR-VO: Die Europ\u00e4ische Kommission stellt eine Plattform zur Online-Streitbeilegung (OS) bereit, die Sie unter <a href=\"http:\/\/www.google.com\/url?q=http%3A%2F%2Fec.europa.eu%2Fconsumers%2Fodr%2F&amp;sa=D&amp;sntz=1&amp;usg=AFQjCNEyeoip9a5kiioSUQoC88BG1VC-kA\" target=\"_blank\" rel=\"noopener noreferrer\" data-saferedirecturl=\"https:\/\/www.google.com\/url?hl=ru&amp;q=http:\/\/www.google.com\/url?q%3Dhttp%253A%252F%252Fec.europa.eu%252Fconsumers%252Fodr%252F%26sa%3DD%26sntz%3D1%26usg%3DAFQjCNEyeoip9a5kiioSUQoC88BG1VC-kA&amp;source=gmail&amp;ust=1516174720668000&amp;usg=AFQjCNGkDlss275immCRhvZoOaGVE5bz_Q\">http:\/\/ec.europa.eu\/consumers\/<wbr \/>odr\/<\/a> finden. Verbraucher haben die M\u00f6glichkeit, diese Plattform f\u00fcr die Beilegung ihrer Streitigkeiten zu nutzen.<\/p>\n","protected":false},"excerpt":{"rendered":"<p>Inhaber DI Andreas Jonas Florianigasse 68\/3 A-1080 Wien E-Mail: bitte nutzen Sie unser Kontaktformular Gerichtsstand Wien UID Nummer: ATU52337804 Kammer: Wirtschaftskammer \u00d6sterreich &nbsp; Bildernachweis: pixabay.com; pexels.com; unsplash.com; freepik.com Haftung f\u00fcr Links\u00a0Trotz sorgf\u00e4ltiger inhaltlicher Kontrolle \u00fcbernehmen wir keine Haftung f\u00fcr die Inhalte externer Links. F\u00fcr den Inhalt der verlinkten Seiten sind ausschlie\u00dflich deren Betreiber verantwortlich. Eintragungen<a href=\"https:\/\/wirkaufendeineimmo.at\/?page_id=27\" class=\"read-more\">&nbsp; Continue Reading &raquo;<\/a><\/p>\n","protected":false},"author":1,"featured_media":0,"parent":0,"menu_order":110,"comment_status":"closed","ping_status":"closed","template":"","meta":{"_acf_changed":false,"footnotes":""},"class_list":["post-27","page","type-page","status-publish","hentry"],"acf":[],"yoast_head":"<!-- This site is optimized with the Yoast SEO plugin v26.7 - https:\/\/yoast.com\/wordpress\/plugins\/seo\/ -->\n<title>Impressum - Wir kaufen deine Immo - Wohnung verkaufen Haus verkaufen<\/title>\n<meta name=\"description\" content=\"Wohnung verkaufen - Haus verkaufen - Grundst\u00fcck verkaufen - Zinshaus verkaufen - Wirkaufendeineimmo E-Mail: office@wirkaufendeineimmo.at\u00a0\" \/>\n<meta name=\"robots\" content=\"index, follow, max-snippet:-1, max-image-preview:large, max-video-preview:-1\" \/>\n<link rel=\"canonical\" href=\"https:\/\/wirkaufendeineimmo.at\/?page_id=27\" \/>\n<meta property=\"og:locale\" content=\"de_DE\" \/>\n<meta property=\"og:type\" content=\"article\" \/>\n<meta property=\"og:title\" content=\"Impressum - Wir kaufen deine Immo - Wohnung verkaufen Haus verkaufen\" \/>\n<meta property=\"og:description\" content=\"Wohnung verkaufen - Haus verkaufen - Grundst\u00fcck verkaufen - Zinshaus verkaufen - Wirkaufendeineimmo E-Mail: office@wirkaufendeineimmo.at\u00a0\" \/>\n<meta property=\"og:url\" content=\"https:\/\/wirkaufendeineimmo.at\/?page_id=27\" \/>\n<meta property=\"og:site_name\" content=\"Wir kaufen deine Immo\" \/>\n<meta property=\"article:modified_time\" content=\"2023-01-18T09:57:33+00:00\" \/>\n<meta name=\"twitter:card\" content=\"summary_large_image\" \/>\n<meta name=\"twitter:label1\" content=\"Gesch\u00e4tzte Lesezeit\" \/>\n\t<meta name=\"twitter:data1\" content=\"3\u00a0Minuten\" \/>\n<script type=\"application\/ld+json\" class=\"yoast-schema-graph\">{\"@context\":\"https:\/\/schema.org\",\"@graph\":[{\"@type\":\"WebPage\",\"@id\":\"https:\/\/wirkaufendeineimmo.at\/?page_id=27\",\"url\":\"https:\/\/wirkaufendeineimmo.at\/?page_id=27\",\"name\":\"Impressum - Wir kaufen deine Immo - Wohnung verkaufen Haus verkaufen\",\"isPartOf\":{\"@id\":\"https:\/\/wirkaufendeineimmo.at\/#website\"},\"datePublished\":\"2018-01-12T08:49:59+00:00\",\"dateModified\":\"2023-01-18T09:57:33+00:00\",\"description\":\"Wohnung verkaufen - Haus verkaufen - Grundst\u00fcck verkaufen - Zinshaus verkaufen - Wirkaufendeineimmo E-Mail: office@wirkaufendeineimmo.at\u00a0\",\"breadcrumb\":{\"@id\":\"https:\/\/wirkaufendeineimmo.at\/?page_id=27#breadcrumb\"},\"inLanguage\":\"de\",\"potentialAction\":[{\"@type\":\"ReadAction\",\"target\":[\"https:\/\/wirkaufendeineimmo.at\/?page_id=27\"]}]},{\"@type\":\"BreadcrumbList\",\"@id\":\"https:\/\/wirkaufendeineimmo.at\/?page_id=27#breadcrumb\",\"itemListElement\":[{\"@type\":\"ListItem\",\"position\":1,\"name\":\"Startseite\",\"item\":\"https:\/\/wirkaufendeineimmo.at\/\"},{\"@type\":\"ListItem\",\"position\":2,\"name\":\"Impressum\"}]},{\"@type\":\"WebSite\",\"@id\":\"https:\/\/wirkaufendeineimmo.at\/#website\",\"url\":\"https:\/\/wirkaufendeineimmo.at\/\",\"name\":\"Wir kaufen deine Immo\",\"description\":\"Haus zu verkaufen, Wohnung verkaufen\",\"potentialAction\":[{\"@type\":\"SearchAction\",\"target\":{\"@type\":\"EntryPoint\",\"urlTemplate\":\"https:\/\/wirkaufendeineimmo.at\/?s={search_term_string}\"},\"query-input\":{\"@type\":\"PropertyValueSpecification\",\"valueRequired\":true,\"valueName\":\"search_term_string\"}}],\"inLanguage\":\"de\"}]}<\/script>\n<!-- \/ Yoast SEO plugin. -->","yoast_head_json":{"title":"Impressum - Wir kaufen deine Immo - Wohnung verkaufen Haus verkaufen","description":"Wohnung verkaufen - Haus verkaufen - Grundst\u00fcck verkaufen - Zinshaus verkaufen - Wirkaufendeineimmo E-Mail: office@wirkaufendeineimmo.at\u00a0","robots":{"index":"index","follow":"follow","max-snippet":"max-snippet:-1","max-image-preview":"max-image-preview:large","max-video-preview":"max-video-preview:-1"},"canonical":"https:\/\/wirkaufendeineimmo.at\/?page_id=27","og_locale":"de_DE","og_type":"article","og_title":"Impressum - Wir kaufen deine Immo - Wohnung verkaufen Haus verkaufen","og_description":"Wohnung verkaufen - Haus verkaufen - Grundst\u00fcck verkaufen - Zinshaus verkaufen - Wirkaufendeineimmo E-Mail: office@wirkaufendeineimmo.at\u00a0","og_url":"https:\/\/wirkaufendeineimmo.at\/?page_id=27","og_site_name":"Wir kaufen deine Immo","article_modified_time":"2023-01-18T09:57:33+00:00","twitter_card":"summary_large_image","twitter_misc":{"Gesch\u00e4tzte Lesezeit":"3\u00a0Minuten"},"schema":{"@context":"https:\/\/schema.org","@graph":[{"@type":"WebPage","@id":"https:\/\/wirkaufendeineimmo.at\/?page_id=27","url":"https:\/\/wirkaufendeineimmo.at\/?page_id=27","name":"Impressum - Wir kaufen deine Immo - Wohnung verkaufen Haus verkaufen","isPartOf":{"@id":"https:\/\/wirkaufendeineimmo.at\/#website"},"datePublished":"2018-01-12T08:49:59+00:00","dateModified":"2023-01-18T09:57:33+00:00","description":"Wohnung verkaufen - Haus verkaufen - Grundst\u00fcck verkaufen - Zinshaus verkaufen - Wirkaufendeineimmo E-Mail: office@wirkaufendeineimmo.at\u00a0","breadcrumb":{"@id":"https:\/\/wirkaufendeineimmo.at\/?page_id=27#breadcrumb"},"inLanguage":"de","potentialAction":[{"@type":"ReadAction","target":["https:\/\/wirkaufendeineimmo.at\/?page_id=27"]}]},{"@type":"BreadcrumbList","@id":"https:\/\/wirkaufendeineimmo.at\/?page_id=27#breadcrumb","itemListElement":[{"@type":"ListItem","position":1,"name":"Startseite","item":"https:\/\/wirkaufendeineimmo.at\/"},{"@type":"ListItem","position":2,"name":"Impressum"}]},{"@type":"WebSite","@id":"https:\/\/wirkaufendeineimmo.at\/#website","url":"https:\/\/wirkaufendeineimmo.at\/","name":"Wir kaufen deine Immo","description":"Haus zu verkaufen, Wohnung verkaufen","potentialAction":[{"@type":"SearchAction","target":{"@type":"EntryPoint","urlTemplate":"https:\/\/wirkaufendeineimmo.at\/?s={search_term_string}"},"query-input":{"@type":"PropertyValueSpecification","valueRequired":true,"valueName":"search_term_string"}}],"inLanguage":"de"}]}},"_links":{"self":[{"href":"https:\/\/wirkaufendeineimmo.at\/index.php?rest_route=\/wp\/v2\/pages\/27","targetHints":{"allow":["GET"]}}],"collection":[{"href":"https:\/\/wirkaufendeineimmo.at\/index.php?rest_route=\/wp\/v2\/pages"}],"about":[{"href":"https:\/\/wirkaufendeineimmo.at\/index.php?rest_route=\/wp\/v2\/types\/page"}],"author":[{"embeddable":true,"href":"https:\/\/wirkaufendeineimmo.at\/index.php?rest_route=\/wp\/v2\/users\/1"}],"replies":[{"embeddable":true,"href":"https:\/\/wirkaufendeineimmo.at\/index.php?rest_route=%2Fwp%2Fv2%2Fcomments&post=27"}],"version-history":[{"count":10,"href":"https:\/\/wirkaufendeineimmo.at\/index.php?rest_route=\/wp\/v2\/pages\/27\/revisions"}],"predecessor-version":[{"id":2096,"href":"https:\/\/wirkaufendeineimmo.at\/index.php?rest_route=\/wp\/v2\/pages\/27\/revisions\/2096"}],"wp:attachment":[{"href":"https:\/\/wirkaufendeineimmo.at\/index.php?rest_route=%2Fwp%2Fv2%2Fmedia&parent=27"}],"curies":[{"name":"wp","href":"https:\/\/api.w.org\/{rel}","templated":true}]}}