{"id":29,"date":"2018-01-12T08:50:29","date_gmt":"2018-01-12T08:50:29","guid":{"rendered":"https:\/\/wirkaufendeineimmo.at\/?page_id=29"},"modified":"2018-09-13T14:07:42","modified_gmt":"2018-09-13T14:07:42","slug":"ruckruf-service","status":"publish","type":"page","link":"https:\/\/wirkaufendeineimmo.at\/?page_id=29","title":{"rendered":"R\u00fcckruf Service"},"content":{"rendered":"<p>Unser R\u00fcckruf-Service ist 24 Stunden am Tag &#8211; 7 Tage die Woche f\u00fcr Sie da.<\/p>\n<p>Gerne melden wir uns bei Ihnen. Hinterlassen Sie uns Ihren Namen sowie Ihre Telefonnummer und wir werden uns umgehend mit Ihnen in Verbindung setzen.<\/p>\n","protected":false},"excerpt":{"rendered":"<p>Unser R\u00fcckruf-Service ist 24 Stunden am Tag &#8211; 7 Tage die Woche f\u00fcr Sie da. Gerne melden wir uns bei Ihnen. Hinterlassen Sie uns Ihren Namen sowie Ihre Telefonnummer und wir werden uns umgehend mit Ihnen in Verbindung setzen.<\/p>\n","protected":false},"author":1,"featured_media":0,"parent":0,"menu_order":120,"comment_status":"closed","ping_status":"closed","template":"ruckruf.php","meta":{"_acf_changed":false,"footnotes":""},"class_list":["post-29","page","type-page","status-publish","hentry"],"acf":[],"yoast_head":"<!-- This site is optimized with the Yoast SEO plugin v26.7 - https:\/\/yoast.com\/wordpress\/plugins\/seo\/ -->\n<title>R\u00fcckruf Service - Wir kaufen deine Immo - R\u00fcckruf Service<\/title>\n<meta name=\"description\" content=\"R\u00fcckruf Service - Unser R\u00fcckruf-Service ist 24 Stunden am Tag - 7 Tage die Woche f\u00fcr Sie erreichbar. Gerne melden wir uns bei Ihnen.\" \/>\n<meta name=\"robots\" content=\"index, follow, max-snippet:-1, max-image-preview:large, max-video-preview:-1\" \/>\n<link rel=\"canonical\" href=\"https:\/\/wirkaufendeineimmo.at\/?page_id=29\" \/>\n<meta property=\"og:locale\" content=\"de_DE\" \/>\n<meta property=\"og:type\" content=\"article\" \/>\n<meta property=\"og:title\" content=\"R\u00fcckruf Service - Wir kaufen deine Immo - R\u00fcckruf Service\" \/>\n<meta property=\"og:description\" content=\"R\u00fcckruf Service - Unser R\u00fcckruf-Service ist 24 Stunden am Tag - 7 Tage die Woche f\u00fcr Sie erreichbar. Gerne melden wir uns bei Ihnen.\" \/>\n<meta property=\"og:url\" content=\"https:\/\/wirkaufendeineimmo.at\/?page_id=29\" \/>\n<meta property=\"og:site_name\" content=\"Wir kaufen deine Immo\" \/>\n<meta property=\"article:modified_time\" content=\"2018-09-13T14:07:42+00:00\" \/>\n<meta name=\"twitter:card\" content=\"summary_large_image\" \/>\n<script type=\"application\/ld+json\" class=\"yoast-schema-graph\">{\"@context\":\"https:\/\/schema.org\",\"@graph\":[{\"@type\":\"WebPage\",\"@id\":\"https:\/\/wirkaufendeineimmo.at\/?page_id=29\",\"url\":\"https:\/\/wirkaufendeineimmo.at\/?page_id=29\",\"name\":\"R\u00fcckruf Service - Wir kaufen deine Immo - R\u00fcckruf Service\",\"isPartOf\":{\"@id\":\"https:\/\/wirkaufendeineimmo.at\/#website\"},\"datePublished\":\"2018-01-12T08:50:29+00:00\",\"dateModified\":\"2018-09-13T14:07:42+00:00\",\"description\":\"R\u00fcckruf Service - Unser R\u00fcckruf-Service ist 24 Stunden am Tag - 7 Tage die Woche f\u00fcr Sie erreichbar. Gerne melden wir uns bei Ihnen.\",\"breadcrumb\":{\"@id\":\"https:\/\/wirkaufendeineimmo.at\/?page_id=29#breadcrumb\"},\"inLanguage\":\"de\",\"potentialAction\":[{\"@type\":\"ReadAction\",\"target\":[\"https:\/\/wirkaufendeineimmo.at\/?page_id=29\"]}]},{\"@type\":\"BreadcrumbList\",\"@id\":\"https:\/\/wirkaufendeineimmo.at\/?page_id=29#breadcrumb\",\"itemListElement\":[{\"@type\":\"ListItem\",\"position\":1,\"name\":\"Startseite\",\"item\":\"https:\/\/wirkaufendeineimmo.at\/\"},{\"@type\":\"ListItem\",\"position\":2,\"name\":\"R\u00fcckruf Service\"}]},{\"@type\":\"WebSite\",\"@id\":\"https:\/\/wirkaufendeineimmo.at\/#website\",\"url\":\"https:\/\/wirkaufendeineimmo.at\/\",\"name\":\"Wir kaufen deine Immo\",\"description\":\"Haus zu verkaufen, Wohnung verkaufen\",\"potentialAction\":[{\"@type\":\"SearchAction\",\"target\":{\"@type\":\"EntryPoint\",\"urlTemplate\":\"https:\/\/wirkaufendeineimmo.at\/?s={search_term_string}\"},\"query-input\":{\"@type\":\"PropertyValueSpecification\",\"valueRequired\":true,\"valueName\":\"search_term_string\"}}],\"inLanguage\":\"de\"}]}<\/script>\n<!-- \/ Yoast SEO plugin. -->","yoast_head_json":{"title":"R\u00fcckruf Service - Wir kaufen deine Immo - R\u00fcckruf Service","description":"R\u00fcckruf Service - Unser R\u00fcckruf-Service ist 24 Stunden am Tag - 7 Tage die Woche f\u00fcr Sie erreichbar. Gerne melden wir uns bei Ihnen.","robots":{"index":"index","follow":"follow","max-snippet":"max-snippet:-1","max-image-preview":"max-image-preview:large","max-video-preview":"max-video-preview:-1"},"canonical":"https:\/\/wirkaufendeineimmo.at\/?page_id=29","og_locale":"de_DE","og_type":"article","og_title":"R\u00fcckruf Service - Wir kaufen deine Immo - R\u00fcckruf Service","og_description":"R\u00fcckruf Service - Unser R\u00fcckruf-Service ist 24 Stunden am Tag - 7 Tage die Woche f\u00fcr Sie erreichbar. Gerne melden wir uns bei Ihnen.","og_url":"https:\/\/wirkaufendeineimmo.at\/?page_id=29","og_site_name":"Wir kaufen deine Immo","article_modified_time":"2018-09-13T14:07:42+00:00","twitter_card":"summary_large_image","schema":{"@context":"https:\/\/schema.org","@graph":[{"@type":"WebPage","@id":"https:\/\/wirkaufendeineimmo.at\/?page_id=29","url":"https:\/\/wirkaufendeineimmo.at\/?page_id=29","name":"R\u00fcckruf Service - Wir kaufen deine Immo - R\u00fcckruf Service","isPartOf":{"@id":"https:\/\/wirkaufendeineimmo.at\/#website"},"datePublished":"2018-01-12T08:50:29+00:00","dateModified":"2018-09-13T14:07:42+00:00","description":"R\u00fcckruf Service - Unser R\u00fcckruf-Service ist 24 Stunden am Tag - 7 Tage die Woche f\u00fcr Sie erreichbar. Gerne melden wir uns bei Ihnen.","breadcrumb":{"@id":"https:\/\/wirkaufendeineimmo.at\/?page_id=29#breadcrumb"},"inLanguage":"de","potentialAction":[{"@type":"ReadAction","target":["https:\/\/wirkaufendeineimmo.at\/?page_id=29"]}]},{"@type":"BreadcrumbList","@id":"https:\/\/wirkaufendeineimmo.at\/?page_id=29#breadcrumb","itemListElement":[{"@type":"ListItem","position":1,"name":"Startseite","item":"https:\/\/wirkaufendeineimmo.at\/"},{"@type":"ListItem","position":2,"name":"R\u00fcckruf Service"}]},{"@type":"WebSite","@id":"https:\/\/wirkaufendeineimmo.at\/#website","url":"https:\/\/wirkaufendeineimmo.at\/","name":"Wir kaufen deine Immo","description":"Haus zu verkaufen, Wohnung verkaufen","potentialAction":[{"@type":"SearchAction","target":{"@type":"EntryPoint","urlTemplate":"https:\/\/wirkaufendeineimmo.at\/?s={search_term_string}"},"query-input":{"@type":"PropertyValueSpecification","valueRequired":true,"valueName":"search_term_string"}}],"inLanguage":"de"}]}},"_links":{"self":[{"href":"https:\/\/wirkaufendeineimmo.at\/index.php?rest_route=\/wp\/v2\/pages\/29","targetHints":{"allow":["GET"]}}],"collection":[{"href":"https:\/\/wirkaufendeineimmo.at\/index.php?rest_route=\/wp\/v2\/pages"}],"about":[{"href":"https:\/\/wirkaufendeineimmo.at\/index.php?rest_route=\/wp\/v2\/types\/page"}],"author":[{"embeddable":true,"href":"https:\/\/wirkaufendeineimmo.at\/index.php?rest_route=\/wp\/v2\/users\/1"}],"replies":[{"embeddable":true,"href":"https:\/\/wirkaufendeineimmo.at\/index.php?rest_route=%2Fwp%2Fv2%2Fcomments&post=29"}],"version-history":[{"count":0,"href":"https:\/\/wirkaufendeineimmo.at\/index.php?rest_route=\/wp\/v2\/pages\/29\/revisions"}],"wp:attachment":[{"href":"https:\/\/wirkaufendeineimmo.at\/index.php?rest_route=%2Fwp%2Fv2%2Fmedia&parent=29"}],"curies":[{"name":"wp","href":"https:\/\/api.w.org\/{rel}","templated":true}]}}